{"id":9,"date":"2021-10-08T10:18:34","date_gmt":"2021-10-08T10:18:34","guid":{"rendered":"https:\/\/witlab.dev.madsys.com\/finearts\/?page_id=9"},"modified":"2024-11-25T10:41:06","modified_gmt":"2024-11-25T09:41:06","slug":"fineartsgarage","status":"publish","type":"page","link":"https:\/\/fineartsgarage.com\/es\/","title":{"rendered":"Home"},"content":{"rendered":"<div class=\"wpb-content-wrapper\">[vc_row gap=\u00bb20&#8243;][vc_column][vc_row_inner css=\u00bb.vc_custom_1641661634273{margin-top: -20px !important;}\u00bb][vc_column_inner width=\u00bb1\/12&#8243;][\/vc_column_inner][vc_column_inner width=\u00bb10\/12&#8243;][vc_custom_heading text=\u00bbMotor Classics Original Art\u00bb font_container=\u00bbtag:h1|text_align:center\u00bb google_fonts=\u00bbfont_family:Open%20Sans%3A300%2C300italic%2Cregular%2Citalic%2C600%2C600italic%2C700%2C700italic%2C800%2C800italic|font_style:700%20bold%20regular%3A700%3Anormal\u00bb css=\u00bb.vc_custom_1710774079603{margin-bottom: 20px !important;}\u00bb link=\u00bburl:https%3A%2F%2Ffineartsgarage.com%2Fgaleria%2F|title:galeria|\u00bb][\/vc_column_inner][vc_column_inner width=\u00bb1\/12&#8243;][\/vc_column_inner][\/vc_row_inner][\/vc_column][\/vc_row][vc_row gap=\u00bb20&#8243;][vc_column][vc_single_image image=\u00bb3400&#8243; img_size=\u00bbfull\u00bb alignment=\u00bbcenter\u00bb onclick=\u00bbcustom_link\u00bb css=\u00bb.vc_custom_1712308639265{margin-top: -15px !important;}\u00bb link=\u00bbhttps:\/\/fineartsgarage.com\/galeria\/\u00bb][vc_row_inner css=\u00bb.vc_custom_1641661634273{margin-top: -20px !important;}\u00bb][vc_column_inner width=\u00bb1\/12&#8243;][\/vc_column_inner][vc_column_inner width=\u00bb10\/12&#8243;][vc_custom_heading text=\u00bbObra original realista de detalles de coches\u00bb font_container=\u00bbtag:h2|text_align:center|line_height:1.2em\u00bb google_fonts=\u00bbfont_family:Open%20Sans%3A300%2C300italic%2Cregular%2Citalic%2C600%2C600italic%2C700%2C700italic%2C800%2C800italic|font_style:400%20regular%3A400%3Anormal\u00bb link=\u00bburl:https%3A%2F%2Ffineartsgarage.com%2Fgaleria%2F|title:galer%C3%ADa\u00bb][vc_column_text]Encuentra el cuadro del coche que m\u00e1s te gusta o encarga un cuadro realista a medida con el dibujo de tu coche preferido. Cada coche tiene su car\u00e1cter. El que pretendo plasmar en cada obra original realista de detalles de los coches m\u00e1s ic\u00f3nicos de la historia del autom\u00f3vil.[\/vc_column_text][vc_btn title=\u00bbGaler\u00eda\u00bb color=\u00bbinverse\u00bb align=\u00bbcenter\u00bb css=\u00bb.vc_custom_1643643158225{margin-top: -15px !important;}\u00bb link=\u00bburl:https%3A%2F%2Ffineartsgarage.com%2Fgaleria%2F|title:CAR%20ART\u00bb][\/vc_column_inner][vc_column_inner width=\u00bb1\/12&#8243;][\/vc_column_inner][\/vc_row_inner][\/vc_column][\/vc_row][vc_row gap=\u00bb5&#8243;][vc_column width=\u00bb1\/3&#8243;][vc_single_image image=\u00bb453&#8243; img_size=\u00bbfull\u00bb alignment=\u00bbcenter\u00bb onclick=\u00bbcustom_link\u00bb link=\u00bbhttps:\/\/fineartsgarage.com\/marcas\/\u00bb][vc_custom_heading text=\u00bbMarcas\u00bb font_container=\u00bbtag:h2|text_align:center\u00bb google_fonts=\u00bbfont_family:Open%20Sans%3A300%2C300italic%2Cregular%2Citalic%2C600%2C600italic%2C700%2C700italic%2C800%2C800italic|font_style:600%20bold%20regular%3A600%3Anormal\u00bb css=\u00bb.vc_custom_1708794535739{margin-top: -15px !important;}\u00bb link=\u00bburl:https%3A%2F%2Ffineartsgarage.com%2Fmarcas%2F|title:MARCAS\u00bb][vc_column_text css=\u00bb.vc_custom_1708794452878{margin-top: -10px !important;}\u00bb]\n<p style=\"text-align: center;\">Encuentra los modelos favoritos en esta secci\u00f3n agrupada por marcas<\/p>\n[\/vc_column_text][vc_btn title=\u00bbMarcas\u00bb color=\u00bbinverse\u00bb align=\u00bbcenter\u00bb css=\u00bb.vc_custom_1708794518919{margin-top: -20px !important;}\u00bb link=\u00bburl:https%3A%2F%2Ffineartsgarage.com%2Fmarcas%2F|title:MARCAS\u00bb][\/vc_column][vc_column width=\u00bb1\/3&#8243;][vc_single_image image=\u00bb1532&#8243; img_size=\u00bbfull\u00bb alignment=\u00bbcenter\u00bb onclick=\u00bbcustom_link\u00bb link=\u00bbhttps:\/\/fineartsgarage.com\/quien-soy\/\u00bb][vc_custom_heading text=\u00bbQui\u00e9n soy\u00bb font_container=\u00bbtag:h2|text_align:center\u00bb google_fonts=\u00bbfont_family:Open%20Sans%3A300%2C300italic%2Cregular%2Citalic%2C600%2C600italic%2C700%2C700italic%2C800%2C800italic|font_style:600%20bold%20regular%3A600%3Anormal\u00bb css=\u00bb.vc_custom_1643283146280{margin-top: -15px !important;}\u00bb][vc_column_text css=\u00bb.vc_custom_1642353074604{margin-top: -10px !important;}\u00bb]\n<p style=\"text-align: center;\">Conoce mi trayectoria en el \u00e1mbito del motor en medios de comunicaci\u00f3n, dise\u00f1o y arte.<\/p>\n[\/vc_column_text][vc_btn title=\u00bbQui\u00e9n soy\u00bb color=\u00bbinverse\u00bb align=\u00bbcenter\u00bb css=\u00bb.vc_custom_1643643205386{margin-top: -20px !important;}\u00bb link=\u00bburl:https%3A%2F%2Ffineartsgarage.com%2Fquien-soy%2F|title:Qui%C3%A9n%20soy\u00bb][\/vc_column][vc_column width=\u00bb1\/3&#8243;][vc_single_image image=\u00bb3352&#8243; img_size=\u00bbfull\u00bb alignment=\u00bbcenter\u00bb][vc_custom_heading text=\u00bbEncargos\u00bb font_container=\u00bbtag:h2|text_align:center\u00bb google_fonts=\u00bbfont_family:Open%20Sans%3A300%2C300italic%2Cregular%2Citalic%2C600%2C600italic%2C700%2C700italic%2C800%2C800italic|font_style:600%20bold%20regular%3A600%3Anormal\u00bb css=\u00bb.vc_custom_1643283159665{margin-top: -15px !important;}\u00bb][vc_column_text css=\u00bb.vc_custom_1643214852478{margin-top: -10px !important;}\u00bb]\n<p style=\"text-align: center;\">Contacta conmigo si quieres m\u00e1s informaci\u00f3n o encargar un cuadro original y a medida de tu coche preferido.<\/p>\n[\/vc_column_text][vc_btn title=\u00bbContacta\u00bb color=\u00bbinverse\u00bb align=\u00bbcenter\u00bb css=\u00bb.vc_custom_1643643213856{margin-top: -20px !important;}\u00bb link=\u00bburl:https%3A%2F%2Ffineartsgarage.com%2Fcontacto%2F|title:Contacta\u00bb][\/vc_column][\/vc_row][vc_row css=\u00bb.vc_custom_1643483148244{margin-top: 20px !important;}\u00bb][vc_column width=\u00bb1\/4&#8243;][vc_custom_heading text=\u00bbC\u00f3mo lo hago&#8230;\u00bb google_fonts=\u00bbfont_family:Open%20Sans%3A300%2C300italic%2Cregular%2Citalic%2C600%2C600italic%2C700%2C700italic%2C800%2C800italic|font_style:600%20bold%20regular%3A600%3Anormal\u00bb][\/vc_column][vc_column width=\u00bb1\/2&#8243;][vc_raw_js]JTNDZGl2JTIwY2xhc3MlM0QlMjJlbWJlZC1yZXNwb25zaXZlJTIwZW1iZWQtcmVzcG9uc2l2ZS0xNmJ5OSUyMiUzRSUzQ2lmcmFtZSUyMHdpZHRoJTNEJTIyMTI4MCUyMiUyMGhlaWdodCUzRCUyMjcyMCUyMiUyMHN0eWxlJTNEJTIybWF4LXdpZHRoJTNBJTIwMTAwJTI1JTNCbWF4LWhlaWdodCUzQSUyMDEwMCUyNSUzQiUyMGJvcmRlciUzQW5vbmUlM0IlMjIlMjBzcmMlM0QlMjJodHRwcyUzQSUyRiUyRnZpZGVvLndpdGxhYi5lcyUyRnZpZGVvRW1iZWQlMkY5JTJGMSUzRm1vZGVzdGJyYW5kaW5nJTNEMSUyNnNob3dpbmZvJTNEJTI2YXV0b3BsYXklM0QlMjZjb250cm9scyUzRDElMjZsb29wJTNEJTI2bXV0ZSUzRCUyNnQlM0QwJTI2b2JqZWN0Rml0JTNEJTIyJTIwZnJhbWVib3JkZXIlM0QlMjIwJTIyJTIwYWxsb3dmdWxsc2NyZWVuJTNEJTIyYWxsb3dmdWxsc2NyZWVuJTIyJTIwc2Nyb2xsaW5nJTNEJTIybm8lMjIlMjB2aWRlb0xlbmd0aEluU2Vjb25kcyUzRCUyMjM5JTIyJTNFaUZyYW1lJTIwaXMlMjBub3QlMjBzdXBwb3J0ZWQlMjElM0MlMkZpZnJhbWUlM0UlM0MlMkZkaXYlM0UlMjAlMjAlMjAlMjAlMjAlMjAlMjAlMjAlMjAlMjAlMjAlMjAlMjAlMjAlMjAlMjAlMjAlMjAlMjAlMjA=[\/vc_raw_js][\/vc_column][vc_column width=\u00bb1\/4&#8243;][vc_column_text]\n<p class=\"p1\">Normalmente dibujo coches cl\u00e1sicos, pero no el coche entero, solo una parte en la que sus l\u00edneas y formas, grupos \u00f3pticos y cromados generen una composici\u00f3n arm\u00f3nica y permitan identificarlo.<\/p>\n<p class=\"p1\">En cuanto a la t\u00e9cnica, principalmente uso barras y l\u00e1pices de pastel seco sobre papel mi-teintes negro.<\/p>\n<p class=\"p1\">Las medidas no son fijas, oscilan entre el 100 x 75 cm, 100 x 100 cm o 70 x 50 cm. Y si se hace un encargo, adem\u00e1s de elegir marca, modelo, versi\u00f3n y color, tambi\u00e9n se puede decidir la dimensi\u00f3n del cuadro.<span class=\"Apple-converted-space\">\u00a0<\/span><\/p>\n[\/vc_column_text][\/vc_column][\/vc_row][vc_row][vc_column width=\u00bb1\/4&#8243;][vc_custom_heading text=\u00bbDecorativos\u00bb google_fonts=\u00bbfont_family:Open%20Sans%3A300%2C300italic%2Cregular%2Citalic%2C600%2C600italic%2C700%2C700italic%2C800%2C800italic|font_style:600%20bold%20regular%3A600%3Anormal\u00bb][vc_column_text]\n<p class=\"p1\">Estos cuadros pueden resultar muy decorativos en cualquier estancia, ya sea una sala de estar, una oficina o, si es posible, incluso en el garaje de casa. El enmarcado se puede solicitar para que combine con el entorno.<\/p>\n[\/vc_column_text][\/vc_column][vc_column width=\u00bb3\/4&#8243;][vc_row_inner][vc_column_inner width=\u00bb1\/3&#8243;][vc_single_image image=\u00bb2465&#8243; img_size=\u00bbfull\u00bb alignment=\u00bbcenter\u00bb onclick=\u00bbcustom_link\u00bb link=\u00bbhttps:\/\/fineartsgarage.com\/cart-art\/porsche-911-SC\/\u00bb][\/vc_column_inner][vc_column_inner width=\u00bb1\/3&#8243;][vc_single_image image=\u00bb3047&#8243; img_size=\u00bbfull\u00bb alignment=\u00bbcenter\u00bb onclick=\u00bbcustom_link\u00bb link=\u00bbhttps:\/\/fineartsgarage.com\/cart-art\/jaguar-xk-140\/\u00bb][\/vc_column_inner][vc_column_inner width=\u00bb1\/3&#8243;][vc_single_image image=\u00bb3121&#8243; img_size=\u00bbfull\u00bb alignment=\u00bbcenter\u00bb onclick=\u00bbcustom_link\u00bb link=\u00bbhttps:\/\/fineartsgarage.com\/car-art\/mercedes-300-sl\/\u00bb][\/vc_column_inner][\/vc_row_inner][\/vc_column][\/vc_row][vc_row][vc_column width=\u00bb1\/4&#8243;][vc_custom_heading text=\u00bbNovedades\u00bb google_fonts=\u00bbfont_family:Open%20Sans%3A300%2C300italic%2Cregular%2Citalic%2C600%2C600italic%2C700%2C700italic%2C800%2C800italic|font_style:600%20bold%20regular%3A600%3Anormal\u00bb link=\u00bburl:https%3A%2F%2Ffineartsgarage.com%2Fgaleria%2F|title:Galer%C3%ADa\u00bb][vc_column_text]\n<p class=\"p1\">Os presento tres nuevos cuadros finalizados, el del Ferrari Daytona SP3 y el del Mercedes AMG 50 Edition, ambos vendidos ya.<\/p>\n<p class=\"p1\">Ya est\u00e1 listo el cuadro del imponente frontal del Rolls Royce Ghost.<\/p>\n[\/vc_column_text][\/vc_column][vc_column width=\u00bb3\/4&#8243;][vc_row_inner][vc_column_inner width=\u00bb1\/3&#8243;][vc_single_image image=\u00bb2976&#8243; img_size=\u00bbfull\u00bb alignment=\u00bbcenter\u00bb onclick=\u00bbcustom_link\u00bb link=\u00bbhttps:\/\/fineartsgarage.com\/car-art\/ferrari-daytona-sp3\/\u00bb][vc_column_text css=\u00bb.vc_custom_1708795372150{margin-top: -20px !important;}\u00bb]\n<p style=\"text-align: left;\">Ferrari Daytona SP3<\/p>\n[\/vc_column_text][\/vc_column_inner][vc_column_inner width=\u00bb1\/3&#8243;][vc_single_image image=\u00bb3034&#8243; img_size=\u00bbfull\u00bb alignment=\u00bbcenter\u00bb onclick=\u00bbcustom_link\u00bb link=\u00bbhttps:\/\/fineartsgarage.com\/car-art\/Mercedes-AMG-50-Edition\/\u00bb][vc_column_text css=\u00bb.vc_custom_1708795427046{margin-top: -20px !important;}\u00bb]\n<p style=\"text-align: left;\">Mercedes AMG 50 Edition<\/p>\n[\/vc_column_text][\/vc_column_inner][vc_column_inner width=\u00bb1\/3&#8243;][vc_single_image image=\u00bb3345&#8243; img_size=\u00bbfull\u00bb alignment=\u00bbcenter\u00bb onclick=\u00bbcustom_link\u00bb link=\u00bbhttps:\/\/fineartsgarage.com\/car-art\/rolls-royce-ghost\/\u00bb][vc_column_text css=\u00bb.vc_custom_1710775927618{margin-top: -20px !important;}\u00bb]\n<p style=\"text-align: left;\">Obra finalizada: Rolls Royce Ghost<\/p>\n[\/vc_column_text][\/vc_column_inner][\/vc_row_inner][\/vc_column][\/vc_row][vc_row][vc_column width=\u00bb1\/3&#8243;][vc_custom_heading text=\u00bbEventos y exposiciones\u00bb google_fonts=\u00bbfont_family:Open%20Sans%3A300%2C300italic%2Cregular%2Citalic%2C600%2C600italic%2C700%2C700italic%2C800%2C800italic|font_style:600%20bold%20regular%3A600%3Anormal\u00bb][vc_column_text css=\u00bb\u00bb]A finales de 2023 tuve el placer de exponer en un maravilloso espacio en Barcelona, con una quincena de cuadros expuestos.<\/p>\n<p>Por otro lado, mi cuadro del Lamborghini Murcielago estuvo expuesto temporalmente en el concesionario oficial de Lamborghini en Barcelona justo al lado de un Huracan STO 60 Anniversary.[\/vc_column_text][\/vc_column][vc_column width=\u00bb1\/3&#8243;][vc_single_image image=\u00bb2963&#8243; img_size=\u00bbfull\u00bb onclick=\u00bbcustom_link\u00bb link=\u00bbhttps:\/\/fineartsgarage.com\/exposicion\/\u00bb][\/vc_column][vc_column width=\u00bb1\/3&#8243;][vc_single_image image=\u00bb3041&#8243; img_size=\u00bbfull\u00bb onclick=\u00bbcustom_link\u00bb link=\u00bbhttps:\/\/fineartsgarage.com\/car-art\/lamborghini-murcielago-lp-640\/\u00bb][\/vc_column][\/vc_row]\n<\/div>","protected":false},"excerpt":{"rendered":"<p>[vc_row gap=\u00bb20&#8243;][vc_column][vc_row_inner css=\u00bb.vc_custom_1641661634273{margin-top: -20px !important;}\u00bb][vc_column_inner width=\u00bb1\/12&#8243;][\/vc_column_inner][vc_column_inner width=\u00bb10\/12&#8243;][vc_custom_heading text=\u00bbMotor Classics Original Art\u00bb font_container=\u00bbtag:h1|text_align:center\u00bb google_fonts=\u00bbfont_family:Open%20Sans%3A300%2C300italic%2Cregular%2Citalic%2C600%2C600italic%2C700%2C700italic%2C800%2C800italic|font_style:700%20bold%20regular%3A700%3Anormal\u00bb css=\u00bb.vc_custom_1710774079603{margin-bottom: 20px !important;}\u00bb link=\u00bburl:https%3A%2F%2Ffineartsgarage.com%2Fgaleria%2F|title:galeria|\u00bb][\/vc_column_inner][vc_column_inner width=\u00bb1\/12&#8243;][\/vc_column_inner][\/vc_row_inner][\/vc_column][\/vc_row][vc_row gap=\u00bb20&#8243;][vc_column][vc_single_image image=\u00bb3400&#8243; img_size=\u00bbfull\u00bb alignment=\u00bbcenter\u00bb onclick=\u00bbcustom_link\u00bb css=\u00bb.vc_custom_1712308639265{margin-top: -15px !important;}\u00bb link=\u00bbhttps:\/\/fineartsgarage.com\/galeria\/\u00bb][vc_row_inner css=\u00bb.vc_custom_1641661634273{margin-top: -20px !important;}\u00bb][vc_column_inner width=\u00bb1\/12&#8243;][\/vc_column_inner][vc_column_inner width=\u00bb10\/12&#8243;][vc_custom_heading text=\u00bbObra original realista de detalles de coches\u00bb font_container=\u00bbtag:h2|text_align:center|line_height:1.2em\u00bb google_fonts=\u00bbfont_family:Open%20Sans%3A300%2C300italic%2Cregular%2Citalic%2C600%2C600italic%2C700%2C700italic%2C800%2C800italic|font_style:400%20regular%3A400%3Anormal\u00bb link=\u00bburl:https%3A%2F%2Ffineartsgarage.com%2Fgaleria%2F|title:galer%C3%ADa\u00bb][vc_column_text]Encuentra el cuadro del coche que m\u00e1s te gusta o encarga un cuadro realista &#8230; <a title=\"Home\" class=\"read-more\" href=\"https:\/\/fineartsgarage.com\/es\/\" aria-label=\"Leer m\u00e1s sobre Home\">Leer m\u00e1s<\/a><\/p>\n","protected":false},"author":4,"featured_media":0,"parent":0,"menu_order":0,"comment_status":"closed","ping_status":"closed","template":"","meta":{"footnotes":""},"class_list":["post-9","page","type-page","status-publish"],"yoast_head":"<!-- This site is optimized with the Yoast SEO plugin v27.5 - https:\/\/yoast.com\/product\/yoast-seo-wordpress\/ -->\n<title>Obra original de David Valls - Motor classics original art<\/title>\n<meta name=\"description\" content=\"En Fine Arts Garage encontrar\u00e1s obra original realista de David Valls con detalles de coches cl\u00e1sicos. Se hacen obras por encargo.\" \/>\n<meta name=\"robots\" content=\"index, follow, max-snippet:-1, max-image-preview:large, max-video-preview:-1\" \/>\n<link rel=\"canonical\" href=\"https:\/\/fineartsgarage.com\/es\/\" \/>\n<meta property=\"og:locale\" content=\"es_ES\" \/>\n<meta property=\"og:type\" content=\"article\" \/>\n<meta property=\"og:title\" content=\"Obra original de David Valls - Motor classics original art\" \/>\n<meta property=\"og:description\" content=\"En Fine Arts Garage encontrar\u00e1s obra original realista de David Valls con detalles de coches cl\u00e1sicos. Se hacen obras por encargo.\" \/>\n<meta property=\"og:url\" content=\"https:\/\/fineartsgarage.com\/es\/\" \/>\n<meta property=\"og:site_name\" content=\"Fine Arts Garage\" \/>\n<meta property=\"article:modified_time\" content=\"2024-11-25T09:41:06+00:00\" \/>\n<meta name=\"twitter:card\" content=\"summary_large_image\" \/>\n<meta name=\"twitter:label1\" content=\"Tiempo de lectura\" \/>\n\t<meta name=\"twitter:data1\" content=\"5 minutos\" \/>\n<script type=\"application\/ld+json\" class=\"yoast-schema-graph\">{\"@context\":\"https:\\\/\\\/schema.org\",\"@graph\":[{\"@type\":\"WebPage\",\"@id\":\"https:\\\/\\\/fineartsgarage.com\\\/es\\\/\",\"url\":\"https:\\\/\\\/fineartsgarage.com\\\/es\\\/\",\"name\":\"Obra original de David Valls - Motor classics original art\",\"isPartOf\":{\"@id\":\"https:\\\/\\\/fineartsgarage.com\\\/es\\\/#website\"},\"datePublished\":\"2021-10-08T10:18:34+00:00\",\"dateModified\":\"2024-11-25T09:41:06+00:00\",\"description\":\"En Fine Arts Garage encontrar\u00e1s obra original realista de David Valls con detalles de coches cl\u00e1sicos. Se hacen obras por encargo.\",\"breadcrumb\":{\"@id\":\"https:\\\/\\\/fineartsgarage.com\\\/es\\\/#breadcrumb\"},\"inLanguage\":\"es\",\"potentialAction\":[{\"@type\":\"ReadAction\",\"target\":[\"https:\\\/\\\/fineartsgarage.com\\\/es\\\/\"]}]},{\"@type\":\"BreadcrumbList\",\"@id\":\"https:\\\/\\\/fineartsgarage.com\\\/es\\\/#breadcrumb\",\"itemListElement\":[{\"@type\":\"ListItem\",\"position\":1,\"name\":\"Portada\",\"item\":\"https:\\\/\\\/fineartsgarage.com\\\/es\\\/\"},{\"@type\":\"ListItem\",\"position\":2,\"name\":\"Home\"}]},{\"@type\":\"WebSite\",\"@id\":\"https:\\\/\\\/fineartsgarage.com\\\/es\\\/#website\",\"url\":\"https:\\\/\\\/fineartsgarage.com\\\/es\\\/\",\"name\":\"Fine Arts Garage\",\"description\":\"\",\"publisher\":{\"@id\":\"https:\\\/\\\/fineartsgarage.com\\\/es\\\/#organization\"},\"potentialAction\":[{\"@type\":\"SearchAction\",\"target\":{\"@type\":\"EntryPoint\",\"urlTemplate\":\"https:\\\/\\\/fineartsgarage.com\\\/es\\\/?s={search_term_string}\"},\"query-input\":{\"@type\":\"PropertyValueSpecification\",\"valueRequired\":true,\"valueName\":\"search_term_string\"}}],\"inLanguage\":\"es\"},{\"@type\":\"Organization\",\"@id\":\"https:\\\/\\\/fineartsgarage.com\\\/es\\\/#organization\",\"name\":\"Fine Arts Garage\",\"url\":\"https:\\\/\\\/fineartsgarage.com\\\/es\\\/\",\"logo\":{\"@type\":\"ImageObject\",\"inLanguage\":\"es\",\"@id\":\"https:\\\/\\\/fineartsgarage.com\\\/es\\\/#\\\/schema\\\/logo\\\/image\\\/\",\"url\":\"https:\\\/\\\/fineartsgarage.com\\\/wp-content\\\/uploads\\\/2021\\\/12\\\/FineArtsGarage-Logo.png\",\"contentUrl\":\"https:\\\/\\\/fineartsgarage.com\\\/wp-content\\\/uploads\\\/2021\\\/12\\\/FineArtsGarage-Logo.png\",\"width\":300,\"height\":85,\"caption\":\"Fine Arts Garage\"},\"image\":{\"@id\":\"https:\\\/\\\/fineartsgarage.com\\\/es\\\/#\\\/schema\\\/logo\\\/image\\\/\"}}]}<\/script>\n<!-- \/ Yoast SEO plugin. -->","yoast_head_json":{"title":"Obra original de David Valls - Motor classics original art","description":"En Fine Arts Garage encontrar\u00e1s obra original realista de David Valls con detalles de coches cl\u00e1sicos. Se hacen obras por encargo.","robots":{"index":"index","follow":"follow","max-snippet":"max-snippet:-1","max-image-preview":"max-image-preview:large","max-video-preview":"max-video-preview:-1"},"canonical":"https:\/\/fineartsgarage.com\/es\/","og_locale":"es_ES","og_type":"article","og_title":"Obra original de David Valls - Motor classics original art","og_description":"En Fine Arts Garage encontrar\u00e1s obra original realista de David Valls con detalles de coches cl\u00e1sicos. Se hacen obras por encargo.","og_url":"https:\/\/fineartsgarage.com\/es\/","og_site_name":"Fine Arts Garage","article_modified_time":"2024-11-25T09:41:06+00:00","twitter_card":"summary_large_image","twitter_misc":{"Tiempo de lectura":"5 minutos"},"schema":{"@context":"https:\/\/schema.org","@graph":[{"@type":"WebPage","@id":"https:\/\/fineartsgarage.com\/es\/","url":"https:\/\/fineartsgarage.com\/es\/","name":"Obra original de David Valls - Motor classics original art","isPartOf":{"@id":"https:\/\/fineartsgarage.com\/es\/#website"},"datePublished":"2021-10-08T10:18:34+00:00","dateModified":"2024-11-25T09:41:06+00:00","description":"En Fine Arts Garage encontrar\u00e1s obra original realista de David Valls con detalles de coches cl\u00e1sicos. Se hacen obras por encargo.","breadcrumb":{"@id":"https:\/\/fineartsgarage.com\/es\/#breadcrumb"},"inLanguage":"es","potentialAction":[{"@type":"ReadAction","target":["https:\/\/fineartsgarage.com\/es\/"]}]},{"@type":"BreadcrumbList","@id":"https:\/\/fineartsgarage.com\/es\/#breadcrumb","itemListElement":[{"@type":"ListItem","position":1,"name":"Portada","item":"https:\/\/fineartsgarage.com\/es\/"},{"@type":"ListItem","position":2,"name":"Home"}]},{"@type":"WebSite","@id":"https:\/\/fineartsgarage.com\/es\/#website","url":"https:\/\/fineartsgarage.com\/es\/","name":"Fine Arts Garage","description":"","publisher":{"@id":"https:\/\/fineartsgarage.com\/es\/#organization"},"potentialAction":[{"@type":"SearchAction","target":{"@type":"EntryPoint","urlTemplate":"https:\/\/fineartsgarage.com\/es\/?s={search_term_string}"},"query-input":{"@type":"PropertyValueSpecification","valueRequired":true,"valueName":"search_term_string"}}],"inLanguage":"es"},{"@type":"Organization","@id":"https:\/\/fineartsgarage.com\/es\/#organization","name":"Fine Arts Garage","url":"https:\/\/fineartsgarage.com\/es\/","logo":{"@type":"ImageObject","inLanguage":"es","@id":"https:\/\/fineartsgarage.com\/es\/#\/schema\/logo\/image\/","url":"https:\/\/fineartsgarage.com\/wp-content\/uploads\/2021\/12\/FineArtsGarage-Logo.png","contentUrl":"https:\/\/fineartsgarage.com\/wp-content\/uploads\/2021\/12\/FineArtsGarage-Logo.png","width":300,"height":85,"caption":"Fine Arts Garage"},"image":{"@id":"https:\/\/fineartsgarage.com\/es\/#\/schema\/logo\/image\/"}}]}},"_links":{"self":[{"href":"https:\/\/fineartsgarage.com\/es\/wp-json\/wp\/v2\/pages\/9","targetHints":{"allow":["GET"]}}],"collection":[{"href":"https:\/\/fineartsgarage.com\/es\/wp-json\/wp\/v2\/pages"}],"about":[{"href":"https:\/\/fineartsgarage.com\/es\/wp-json\/wp\/v2\/types\/page"}],"author":[{"embeddable":true,"href":"https:\/\/fineartsgarage.com\/es\/wp-json\/wp\/v2\/users\/4"}],"replies":[{"embeddable":true,"href":"https:\/\/fineartsgarage.com\/es\/wp-json\/wp\/v2\/comments?post=9"}],"version-history":[{"count":3,"href":"https:\/\/fineartsgarage.com\/es\/wp-json\/wp\/v2\/pages\/9\/revisions"}],"predecessor-version":[{"id":3490,"href":"https:\/\/fineartsgarage.com\/es\/wp-json\/wp\/v2\/pages\/9\/revisions\/3490"}],"wp:attachment":[{"href":"https:\/\/fineartsgarage.com\/es\/wp-json\/wp\/v2\/media?parent=9"}],"curies":[{"name":"wp","href":"https:\/\/api.w.org\/{rel}","templated":true}]}}