{"id":2825,"date":"2023-11-11T11:02:13","date_gmt":"2023-11-11T10:02:13","guid":{"rendered":"https:\/\/fineartsgarage.com\/?page_id=2825"},"modified":"2024-02-26T19:24:51","modified_gmt":"2024-02-26T18:24:51","slug":"exposicion","status":"publish","type":"page","link":"https:\/\/fineartsgarage.com\/es\/exposicion\/","title":{"rendered":"Exposici\u00f3n"},"content":{"rendered":"<div class=\"wpb-content-wrapper\">[vc_row][vc_column width=\u00bb2\/12&#8243;][\/vc_column][vc_column width=\u00bb3\/12&#8243;][vc_custom_heading text=\u00bbExposici\u00f3n de cuadros\u00bb font_container=\u00bbtag:h1|text_align:right\u00bb google_fonts=\u00bbfont_family:Open%20Sans%3A300%2C300italic%2Cregular%2Citalic%2C600%2C600italic%2C700%2C700italic%2C800%2C800italic|font_style:700%20bold%20regular%3A700%3Anormal\u00bb css=\u00bb.vc_custom_1699712799917{margin-top: 15px !important;}\u00bb][\/vc_column][vc_column width=\u00bb5\/12&#8243; css=\u00bb.vc_custom_1643187459678{margin-top: 15px !important;}\u00bb][vc_column_text]\n<div>En un singular espacio del barrio de Sant Gervasi de Barcelona se celebr\u00f3 la exposici\u00f3n de pinturas de detalles de coches que, bajo el t\u00edtulo \u00abVisi\u00f3n de la fascinaci\u00f3n y el car\u00e1cter de los autom\u00f3viles\u00bb, se expuso una quincena de cuadros originales de David Valls, la mayor\u00eda de los cuales, coches cl\u00e1sicos m\u00edticos, aunque tambi\u00e9n se pudieron ver algunos de contempor\u00e1neos, como el especial\u00edsimo Ferrari Daytona SP3.<\/div>\n<div><\/div>\n<div class=\"\"><\/div>\n[\/vc_column_text][\/vc_column][vc_column width=\u00bb2\/12&#8243;][\/vc_column][\/vc_row][vc_row][vc_column width=\u00bb1\/2&#8243;][vc_single_image image=\u00bb2960&#8243; img_size=\u00bbfull\u00bb alignment=\u00bbcenter\u00bb][\/vc_column][vc_column width=\u00bb1\/2&#8243;][vc_single_image image=\u00bb2966&#8243; img_size=\u00bbfull\u00bb alignment=\u00bbcenter\u00bb][\/vc_column][\/vc_row][vc_row][vc_column width=\u00bb1\/2&#8243;][vc_single_image image=\u00bb2963&#8243; img_size=\u00bbfull\u00bb alignment=\u00bbcenter\u00bb][\/vc_column][vc_column width=\u00bb1\/2&#8243;][vc_single_image image=\u00bb2969&#8243; img_size=\u00bbfull\u00bb alignment=\u00bbcenter\u00bb][\/vc_column][\/vc_row]\n<\/div>","protected":false},"excerpt":{"rendered":"<p>[vc_row][vc_column width=\u00bb2\/12&#8243;][\/vc_column][vc_column width=\u00bb3\/12&#8243;][vc_custom_heading text=\u00bbExposici\u00f3n de cuadros\u00bb font_container=\u00bbtag:h1|text_align:right\u00bb google_fonts=\u00bbfont_family:Open%20Sans%3A300%2C300italic%2Cregular%2Citalic%2C600%2C600italic%2C700%2C700italic%2C800%2C800italic|font_style:700%20bold%20regular%3A700%3Anormal\u00bb css=\u00bb.vc_custom_1699712799917{margin-top: 15px !important;}\u00bb][\/vc_column][vc_column width=\u00bb5\/12&#8243; css=\u00bb.vc_custom_1643187459678{margin-top: 15px !important;}\u00bb][vc_column_text] En un singular espacio del barrio de Sant Gervasi de Barcelona se celebr\u00f3 la exposici\u00f3n de pinturas de detalles de coches que, bajo el t\u00edtulo \u00abVisi\u00f3n de la fascinaci\u00f3n y el car\u00e1cter de los autom\u00f3viles\u00bb, se expuso una quincena de &#8230; <a title=\"Exposici\u00f3n\" class=\"read-more\" href=\"https:\/\/fineartsgarage.com\/es\/exposicion\/\" aria-label=\"Leer m\u00e1s sobre Exposici\u00f3n\">Leer m\u00e1s<\/a><\/p>\n","protected":false},"author":2,"featured_media":0,"parent":0,"menu_order":0,"comment_status":"closed","ping_status":"closed","template":"","meta":{"footnotes":""},"class_list":["post-2825","page","type-page","status-publish"],"yoast_head":"<!-- This site is optimized with the Yoast SEO plugin v27.5 - https:\/\/yoast.com\/product\/yoast-seo-wordpress\/ -->\n<title>Exposici\u00f3n - Cuadros de coches - Fine Arts Garage<\/title>\n<meta name=\"description\" content=\"Anuncio de la exposici\u00f3n de cuadros de coches, obra art\u00edstica de David Valls, que se celebrar\u00e1 en Barcelona los d\u00edas 28, 29 y 30 de noviembre.\" \/>\n<meta name=\"robots\" content=\"index, follow, max-snippet:-1, max-image-preview:large, max-video-preview:-1\" \/>\n<link rel=\"canonical\" href=\"https:\/\/fineartsgarage.com\/es\/exposicion\/\" \/>\n<meta property=\"og:locale\" content=\"es_ES\" \/>\n<meta property=\"og:type\" content=\"article\" \/>\n<meta property=\"og:title\" content=\"Exposici\u00f3n - Cuadros de coches - Fine Arts Garage\" \/>\n<meta property=\"og:description\" content=\"Anuncio de la exposici\u00f3n de cuadros de coches, obra art\u00edstica de David Valls, que se celebrar\u00e1 en Barcelona los d\u00edas 28, 29 y 30 de noviembre.\" \/>\n<meta property=\"og:url\" content=\"https:\/\/fineartsgarage.com\/es\/exposicion\/\" \/>\n<meta property=\"og:site_name\" content=\"Fine Arts Garage\" \/>\n<meta property=\"article:modified_time\" content=\"2024-02-26T18:24:51+00:00\" \/>\n<meta name=\"twitter:card\" content=\"summary_large_image\" \/>\n<meta name=\"twitter:label1\" content=\"Tiempo de lectura\" \/>\n\t<meta name=\"twitter:data1\" content=\"1 minuto\" \/>\n<script type=\"application\/ld+json\" class=\"yoast-schema-graph\">{\"@context\":\"https:\\\/\\\/schema.org\",\"@graph\":[{\"@type\":\"WebPage\",\"@id\":\"https:\\\/\\\/fineartsgarage.com\\\/es\\\/exposicion\\\/\",\"url\":\"https:\\\/\\\/fineartsgarage.com\\\/es\\\/exposicion\\\/\",\"name\":\"Exposici\u00f3n - Cuadros de coches - Fine Arts Garage\",\"isPartOf\":{\"@id\":\"https:\\\/\\\/fineartsgarage.com\\\/es\\\/#website\"},\"datePublished\":\"2023-11-11T10:02:13+00:00\",\"dateModified\":\"2024-02-26T18:24:51+00:00\",\"description\":\"Anuncio de la exposici\u00f3n de cuadros de coches, obra art\u00edstica de David Valls, que se celebrar\u00e1 en Barcelona los d\u00edas 28, 29 y 30 de noviembre.\",\"breadcrumb\":{\"@id\":\"https:\\\/\\\/fineartsgarage.com\\\/es\\\/exposicion\\\/#breadcrumb\"},\"inLanguage\":\"es\",\"potentialAction\":[{\"@type\":\"ReadAction\",\"target\":[\"https:\\\/\\\/fineartsgarage.com\\\/es\\\/exposicion\\\/\"]}]},{\"@type\":\"BreadcrumbList\",\"@id\":\"https:\\\/\\\/fineartsgarage.com\\\/es\\\/exposicion\\\/#breadcrumb\",\"itemListElement\":[{\"@type\":\"ListItem\",\"position\":1,\"name\":\"Portada\",\"item\":\"https:\\\/\\\/fineartsgarage.com\\\/es\\\/\"},{\"@type\":\"ListItem\",\"position\":2,\"name\":\"Exposici\u00f3n\"}]},{\"@type\":\"WebSite\",\"@id\":\"https:\\\/\\\/fineartsgarage.com\\\/es\\\/#website\",\"url\":\"https:\\\/\\\/fineartsgarage.com\\\/es\\\/\",\"name\":\"Fine Arts Garage\",\"description\":\"\",\"publisher\":{\"@id\":\"https:\\\/\\\/fineartsgarage.com\\\/es\\\/#organization\"},\"potentialAction\":[{\"@type\":\"SearchAction\",\"target\":{\"@type\":\"EntryPoint\",\"urlTemplate\":\"https:\\\/\\\/fineartsgarage.com\\\/es\\\/?s={search_term_string}\"},\"query-input\":{\"@type\":\"PropertyValueSpecification\",\"valueRequired\":true,\"valueName\":\"search_term_string\"}}],\"inLanguage\":\"es\"},{\"@type\":\"Organization\",\"@id\":\"https:\\\/\\\/fineartsgarage.com\\\/es\\\/#organization\",\"name\":\"Fine Arts Garage\",\"url\":\"https:\\\/\\\/fineartsgarage.com\\\/es\\\/\",\"logo\":{\"@type\":\"ImageObject\",\"inLanguage\":\"es\",\"@id\":\"https:\\\/\\\/fineartsgarage.com\\\/es\\\/#\\\/schema\\\/logo\\\/image\\\/\",\"url\":\"https:\\\/\\\/fineartsgarage.com\\\/wp-content\\\/uploads\\\/2021\\\/12\\\/FineArtsGarage-Logo.png\",\"contentUrl\":\"https:\\\/\\\/fineartsgarage.com\\\/wp-content\\\/uploads\\\/2021\\\/12\\\/FineArtsGarage-Logo.png\",\"width\":300,\"height\":85,\"caption\":\"Fine Arts Garage\"},\"image\":{\"@id\":\"https:\\\/\\\/fineartsgarage.com\\\/es\\\/#\\\/schema\\\/logo\\\/image\\\/\"}}]}<\/script>\n<!-- \/ Yoast SEO plugin. -->","yoast_head_json":{"title":"Exposici\u00f3n - Cuadros de coches - Fine Arts Garage","description":"Anuncio de la exposici\u00f3n de cuadros de coches, obra art\u00edstica de David Valls, que se celebrar\u00e1 en Barcelona los d\u00edas 28, 29 y 30 de noviembre.","robots":{"index":"index","follow":"follow","max-snippet":"max-snippet:-1","max-image-preview":"max-image-preview:large","max-video-preview":"max-video-preview:-1"},"canonical":"https:\/\/fineartsgarage.com\/es\/exposicion\/","og_locale":"es_ES","og_type":"article","og_title":"Exposici\u00f3n - Cuadros de coches - Fine Arts Garage","og_description":"Anuncio de la exposici\u00f3n de cuadros de coches, obra art\u00edstica de David Valls, que se celebrar\u00e1 en Barcelona los d\u00edas 28, 29 y 30 de noviembre.","og_url":"https:\/\/fineartsgarage.com\/es\/exposicion\/","og_site_name":"Fine Arts Garage","article_modified_time":"2024-02-26T18:24:51+00:00","twitter_card":"summary_large_image","twitter_misc":{"Tiempo de lectura":"1 minuto"},"schema":{"@context":"https:\/\/schema.org","@graph":[{"@type":"WebPage","@id":"https:\/\/fineartsgarage.com\/es\/exposicion\/","url":"https:\/\/fineartsgarage.com\/es\/exposicion\/","name":"Exposici\u00f3n - Cuadros de coches - Fine Arts Garage","isPartOf":{"@id":"https:\/\/fineartsgarage.com\/es\/#website"},"datePublished":"2023-11-11T10:02:13+00:00","dateModified":"2024-02-26T18:24:51+00:00","description":"Anuncio de la exposici\u00f3n de cuadros de coches, obra art\u00edstica de David Valls, que se celebrar\u00e1 en Barcelona los d\u00edas 28, 29 y 30 de noviembre.","breadcrumb":{"@id":"https:\/\/fineartsgarage.com\/es\/exposicion\/#breadcrumb"},"inLanguage":"es","potentialAction":[{"@type":"ReadAction","target":["https:\/\/fineartsgarage.com\/es\/exposicion\/"]}]},{"@type":"BreadcrumbList","@id":"https:\/\/fineartsgarage.com\/es\/exposicion\/#breadcrumb","itemListElement":[{"@type":"ListItem","position":1,"name":"Portada","item":"https:\/\/fineartsgarage.com\/es\/"},{"@type":"ListItem","position":2,"name":"Exposici\u00f3n"}]},{"@type":"WebSite","@id":"https:\/\/fineartsgarage.com\/es\/#website","url":"https:\/\/fineartsgarage.com\/es\/","name":"Fine Arts Garage","description":"","publisher":{"@id":"https:\/\/fineartsgarage.com\/es\/#organization"},"potentialAction":[{"@type":"SearchAction","target":{"@type":"EntryPoint","urlTemplate":"https:\/\/fineartsgarage.com\/es\/?s={search_term_string}"},"query-input":{"@type":"PropertyValueSpecification","valueRequired":true,"valueName":"search_term_string"}}],"inLanguage":"es"},{"@type":"Organization","@id":"https:\/\/fineartsgarage.com\/es\/#organization","name":"Fine Arts Garage","url":"https:\/\/fineartsgarage.com\/es\/","logo":{"@type":"ImageObject","inLanguage":"es","@id":"https:\/\/fineartsgarage.com\/es\/#\/schema\/logo\/image\/","url":"https:\/\/fineartsgarage.com\/wp-content\/uploads\/2021\/12\/FineArtsGarage-Logo.png","contentUrl":"https:\/\/fineartsgarage.com\/wp-content\/uploads\/2021\/12\/FineArtsGarage-Logo.png","width":300,"height":85,"caption":"Fine Arts Garage"},"image":{"@id":"https:\/\/fineartsgarage.com\/es\/#\/schema\/logo\/image\/"}}]}},"_links":{"self":[{"href":"https:\/\/fineartsgarage.com\/es\/wp-json\/wp\/v2\/pages\/2825","targetHints":{"allow":["GET"]}}],"collection":[{"href":"https:\/\/fineartsgarage.com\/es\/wp-json\/wp\/v2\/pages"}],"about":[{"href":"https:\/\/fineartsgarage.com\/es\/wp-json\/wp\/v2\/types\/page"}],"author":[{"embeddable":true,"href":"https:\/\/fineartsgarage.com\/es\/wp-json\/wp\/v2\/users\/2"}],"replies":[{"embeddable":true,"href":"https:\/\/fineartsgarage.com\/es\/wp-json\/wp\/v2\/comments?post=2825"}],"version-history":[{"count":0,"href":"https:\/\/fineartsgarage.com\/es\/wp-json\/wp\/v2\/pages\/2825\/revisions"}],"wp:attachment":[{"href":"https:\/\/fineartsgarage.com\/es\/wp-json\/wp\/v2\/media?parent=2825"}],"curies":[{"name":"wp","href":"https:\/\/api.w.org\/{rel}","templated":true}]}}